{"id":3243,"date":"2022-02-12T13:36:56","date_gmt":"2022-02-12T13:36:56","guid":{"rendered":"https:\/\/hospetall.com\/?page_id=3243"},"modified":"2022-02-12T15:14:31","modified_gmt":"2022-02-12T15:14:31","slug":"hekimlerimiz","status":"publish","type":"page","link":"https:\/\/hospetall.com\/index.php\/hekimlerimiz\/","title":{"rendered":"Hekimlerimiz"},"content":{"rendered":"<div data-colibri-id=\"3243-c1\" class=\"style-1144 style-local-3243-c1 position-relative\">\n  <!---->\n  <div data-colibri-component=\"section\" data-colibri-id=\"3243-c6\" id=\"about\" class=\"h-section h-section-global-spacing d-flex align-items-lg-center align-items-md-center align-items-center style-1162 style-local-3243-c6 position-relative\">\n    <!---->\n    <!---->\n    <div class=\"h-section-grid-container h-section-boxed-container\">\n      <!---->\n      <div data-colibri-id=\"3243-c7\" class=\"h-row-container gutters-row-lg-2 gutters-row-md-2 gutters-row-2 gutters-row-v-lg-2 gutters-row-v-md-2 gutters-row-v-2 style-1150 style-local-3243-c7 position-relative\">\n        <!---->\n        <div class=\"h-row justify-content-lg-center justify-content-md-center justify-content-center align-items-lg-center align-items-md-center align-items-center gutters-col-lg-2 gutters-col-md-2 gutters-col-2 gutters-col-v-lg-2 gutters-col-v-md-2 gutters-col-v-2\">\n          <!---->\n          <div class=\"h-column h-column-container d-flex h-col-lg-auto h-col-md-auto h-col-auto align-self-lg-center align-self-md-center align-self-center style-1158-outer style-local-3243-c15-outer\">\n            <div data-colibri-id=\"3243-c15\" class=\"d-flex h-flex-basis h-column__inner h-px-lg-0 h-px-md-0 h-px-0 v-inner-lg-0 v-inner-md-0 v-inner-0 style-1158 style-local-3243-c15 position-relative\">\n              <!---->\n              <!---->\n              <div class=\"w-100 h-y-container h-column__content h-column__v-align flex-basis-100 align-self-lg-center align-self-md-center align-self-center\">\n                <!---->\n                <div data-colibri-id=\"3243-c16\" class=\"h-multiple-image style-1159 style-local-3243-c16 position-relative h-element\">\n                  <!---->\n                  <div class=\"position-relative\">\n                    <div class=\"h-multiple-image-inside-container\">\n                      <div class=\"ratio-inner\">\n                        <div data-colibri-id=\"3243-c17\" class=\"d-block style-1160 style-local-3243-c17 position-relative h-element\">\n                          <!---->\n                          <div class=\"h-image__frame-container-outer\">\n                            <div class=\"h-image__frame-container\">\n                              <!---->\n                              <!---->\n                              <img loading=\"lazy\" width=\"400\" height=\"400\" src=\"http:\/\/hospetall.com\/wp-content\/uploads\/2022\/02\/fd5c9faaefe621df513a374c9add0a2e_400x400.jpeg\" class=\"style-1159-images style-local-3243-c16-images wp-image-3319 style-1160-image style-local-3243-c17-image\" srcset=\"https:\/\/hospetall.com\/wp-content\/uploads\/2022\/02\/fd5c9faaefe621df513a374c9add0a2e_400x400.jpeg 400w, https:\/\/hospetall.com\/wp-content\/uploads\/2022\/02\/fd5c9faaefe621df513a374c9add0a2e_400x400-300x300.jpeg 300w, https:\/\/hospetall.com\/wp-content\/uploads\/2022\/02\/fd5c9faaefe621df513a374c9add0a2e_400x400-150x150.jpeg 150w\" sizes=\"(max-width: 400px) 100vw, 400px\" alt=\"\" \/>\n                              <div class=\"h-image__frame h-hide-lg h-hide-md h-hide-sm style-1160-frameImage style-local-3243-c17-frameImage\"><\/div>\n                            <\/div>\n                          <\/div>\n                        <\/div>\n                      <\/div>\n                    <\/div>\n                  <\/div>\n                <\/div>\n              <\/div>\n            <\/div>\n          <\/div>\n          <div class=\"h-column h-column-container d-flex h-col-lg-auto h-col-md-auto h-col-auto align-self-lg-center align-self-md-center align-self-center style-1151-outer style-local-3243-c8-outer\">\n            <div data-colibri-id=\"3243-c8\" class=\"d-flex h-flex-basis h-column__inner h-px-lg-0 h-px-md-0 h-px-0 v-inner-lg-0 v-inner-md-0 v-inner-0 style-1151 style-local-3243-c8 position-relative\">\n              <!---->\n              <!---->\n              <div class=\"w-100 h-y-container h-column__content h-column__v-align flex-basis-100 align-self-lg-center align-self-md-center align-self-center\">\n                <!---->\n                <div data-colibri-id=\"3243-c9\" class=\"h-row-container gutters-row-lg-0 gutters-row-md-0 gutters-row-0 gutters-row-v-lg-0 gutters-row-v-md-0 gutters-row-v-0 style-1152 style-local-3243-c9 position-relative\">\n                  <!---->\n                  <div class=\"h-row justify-content-lg-start justify-content-md-start justify-content-center align-items-lg-stretch align-items-md-stretch align-items-stretch gutters-col-lg-0 gutters-col-md-0 gutters-col-0 gutters-col-v-lg-0 gutters-col-v-md-0 gutters-col-v-0\">\n                    <!---->\n                    <div class=\"h-column h-column-container d-flex h-col-lg-auto h-col-md-auto h-col-auto style-1153-outer style-local-3243-c10-outer\">\n                      <div data-colibri-id=\"3243-c10\" class=\"d-flex h-flex-basis h-column__inner h-px-lg-0 h-px-md-0 h-px-0 v-inner-lg-0 v-inner-md-0 v-inner-0 style-1153 style-local-3243-c10 position-relative\">\n                        <!---->\n                        <!---->\n                        <div class=\"w-100 h-y-container h-column__content h-column__v-align flex-basis-auto align-self-lg-start align-self-md-start align-self-center\">\n                          <!---->\n                          <div data-colibri-id=\"3243-c11\" class=\"h-global-transition-all h-heading style-1154 style-local-3243-c11 position-relative h-element\">\n                            <!---->\n                            <div class=\"h-heading__outer style-1154 style-local-3243-c11\">\n                              <!---->\n                              <!---->\n                              <h4 class=\"\">hakk\u0131nda<\/h4>\n                            <\/div>\n                          <\/div>\n                        <\/div>\n                      <\/div>\n                    <\/div>\n                  <\/div>\n                <\/div>\n                <div data-colibri-id=\"3243-c14\" class=\"h-text h-text-component style-1157 style-local-3243-c14 position-relative h-element\">\n                  <!---->\n                  <!---->\n                  <div class=\"\">\n                    <p>Veteriner Hekim Ebru \u00d6zaytekin Akba\u015f 1976 y\u0131l\u0131nda Trabzon da do\u011fdu.Trabzon Anadolu lisesininden 1994 y\u0131l\u0131nda mezun oldu. 1999 y\u0131l\u0131nda University of Veterinerian Medicine V\u0130ENNA\u2019 da \u0130\u00e7 hastal\u0131klar\u0131 b\u00f6l\u00fcm\u00fcnde endoskopi, dermatoloji,enfeksiyon\n                      hastal\u0131klar\u0131, kedi \u00fcriner sistem hastal\u0131klar\u0131,Solunum sistemi hastal\u0131klar\u0131konusunda \u00e7al\u0131\u015ft\u0131. 2000 y\u0131l\u0131nda \u0130.\u00dc Veteriner Fak\u00fcltesinden derece ile mezun oldu 2000 y\u0131l\u0131nda Univerzav ljubljani Veterinarska Fakulteta\u2019\u2019da \u0130\u00e7 Hastal\u0131klar\u0131\n                      b\u00f6l\u00fcm\u00fcnde kedi ve k\u00f6pek t\u00fcm sistem i\u00e7 hastal\u0131klar\u0131yla ilgili \u00dcniversite hastanesinde \u00e7al\u0131\u015ft\u0131. 2001 y\u0131l\u0131nda \u0130.\u00dc Veteriner Fak\u00fcltesi \u0130\u00e7 Hastal\u0131klar\u0131 Anabilim Dal\u0131nda Ara\u015ft\u0131rma g\u00f6revlisi olarak \u00e7al\u0131\u015fmaya ba\u015flad\u0131. 2006 y\u0131l\u0131nda doktoras\u0131n\u0131\n                      tamamlayarak Veteriner \u0130\u00e7 Hastal\u0131klar\u0131 doktoru \u00fcnvan\u0131n\u0131 kazand\u0131.<\/p>\n                    <p>2005 y\u0131l\u0131ndan fak\u00fcltedeki g\u00f6revinde istifa ederek e\u015fi Dr. Murat Akba\u015f ile HOSPETALL Veteriner Tan\u0131 ve Tedavi Merkezi&#8217;ni&nbsp;kurdu. Doktora tezi (Sa\u011fl\u0131kl\u0131 ve dominant agresyonlu k\u00f6peklerde monoamin d\u00fczeylerinin de\u011ferlendirilmesi [Evaluation\n                      of monoamine levels in healthy and dominant aggressive dogs]. Doktora tez dan\u0131\u015fman\u0131 Prof.Dr.Tamer DODURKA ile k\u00f6pek ve kedilerdeki davran\u0131\u015f bozukluklar\u0131n\u0131 \u00e7al\u0131\u015ft\u0131.<\/p>\n                    <p>Bir \u00e7ok yurti\u00e7i ve yurtd\u0131\u015f\u0131 yay\u0131n\u0131 bulanan Dr.Ebru Akbas Hospetall Veteriner Polikli\u011finde Veteriner \u0130\u00e7 Hastal\u0131klar\u0131 Uzman\u0131 olarak \u00e7al\u0131\u015fmaktad\u0131r. Evli ve iki \u00e7ocuk annesidir<\/p>\n                  <\/div>\n                <\/div>\n              <\/div>\n            <\/div>\n          <\/div>\n        <\/div>\n      <\/div>\n    <\/div>\n  <\/div>\n  <div data-colibri-component=\"section\" data-colibri-id=\"3243-c19\" id=\"about\" class=\"h-section h-section-global-spacing d-flex align-items-lg-center align-items-md-center align-items-center style-1149 style-local-3243-c19 position-relative\">\n    <!---->\n    <!---->\n    <div class=\"h-section-grid-container h-section-boxed-container\">\n      <!---->\n      <div data-colibri-id=\"3243-c20\" class=\"h-row-container gutters-row-lg-2 gutters-row-md-2 gutters-row-2 gutters-row-v-lg-2 gutters-row-v-md-2 gutters-row-v-2 style-1163 style-local-3243-c20 position-relative\">\n        <!---->\n        <div class=\"h-row justify-content-lg-center justify-content-md-center justify-content-center align-items-lg-center align-items-md-center align-items-center gutters-col-lg-2 gutters-col-md-2 gutters-col-2 gutters-col-v-lg-2 gutters-col-v-md-2 gutters-col-v-2\">\n          <!---->\n          <div class=\"h-column h-column-container d-flex h-col-lg-auto h-col-md-auto h-col-auto align-self-lg-center align-self-md-center align-self-center style-1158-outer style-local-3243-c21-outer\">\n            <div data-colibri-id=\"3243-c21\" class=\"d-flex h-flex-basis h-column__inner h-px-lg-0 h-px-md-0 h-px-0 v-inner-lg-0 v-inner-md-0 v-inner-0 style-1158 style-local-3243-c21 position-relative\">\n              <!---->\n              <!---->\n              <div class=\"w-100 h-y-container h-column__content h-column__v-align flex-basis-100 align-self-lg-center align-self-md-center align-self-center\">\n                <!---->\n                <div data-colibri-id=\"3243-c22\" class=\"h-multiple-image style-1164 style-local-3243-c22 position-relative h-element\">\n                  <!---->\n                  <div class=\"position-relative\">\n                    <div class=\"h-multiple-image-inside-container\">\n                      <div class=\"ratio-inner\">\n                        <div data-colibri-id=\"3243-c23\" class=\"d-block style-1165 style-local-3243-c23 position-relative h-element\">\n                          <!---->\n                          <div class=\"h-image__frame-container-outer\">\n                            <div class=\"h-image__frame-container\">\n                              <!---->\n                              <!---->\n                              <img loading=\"lazy\" width=\"400\" height=\"400\" src=\"http:\/\/hospetall.com\/wp-content\/uploads\/2022\/02\/veteriner-hekim-Murat-Akbas-vetrandevu.jpeg\" class=\"style-1164-images style-local-3243-c22-images wp-image-3318 style-1165-image style-local-3243-c23-image\" srcset=\"https:\/\/hospetall.com\/wp-content\/uploads\/2022\/02\/veteriner-hekim-Murat-Akbas-vetrandevu.jpeg 400w, https:\/\/hospetall.com\/wp-content\/uploads\/2022\/02\/veteriner-hekim-Murat-Akbas-vetrandevu-300x300.jpeg 300w, https:\/\/hospetall.com\/wp-content\/uploads\/2022\/02\/veteriner-hekim-Murat-Akbas-vetrandevu-150x150.jpeg 150w\" sizes=\"(max-width: 400px) 100vw, 400px\" alt=\"\" \/>\n                              <div class=\"h-image__frame h-hide-lg h-hide-md h-hide-sm style-1165-frameImage style-local-3243-c23-frameImage\"><\/div>\n                            <\/div>\n                          <\/div>\n                        <\/div>\n                      <\/div>\n                    <\/div>\n                  <\/div>\n                <\/div>\n              <\/div>\n            <\/div>\n          <\/div>\n          <div class=\"h-column h-column-container d-flex h-col-lg-auto h-col-md-auto h-col-auto align-self-lg-center align-self-md-center align-self-center style-1151-outer style-local-3243-c24-outer\">\n            <div data-colibri-id=\"3243-c24\" class=\"d-flex h-flex-basis h-column__inner h-px-lg-0 h-px-md-0 h-px-0 v-inner-lg-0 v-inner-md-0 v-inner-0 style-1151 style-local-3243-c24 position-relative\">\n              <!---->\n              <!---->\n              <div class=\"w-100 h-y-container h-column__content h-column__v-align flex-basis-100 align-self-lg-center align-self-md-center align-self-center\">\n                <!---->\n                <div data-colibri-id=\"3243-c25\" class=\"h-row-container gutters-row-lg-0 gutters-row-md-0 gutters-row-0 gutters-row-v-lg-0 gutters-row-v-md-0 gutters-row-v-0 style-1152 style-local-3243-c25 position-relative\">\n                  <!---->\n                  <div class=\"h-row justify-content-lg-start justify-content-md-start justify-content-center align-items-lg-stretch align-items-md-stretch align-items-stretch gutters-col-lg-0 gutters-col-md-0 gutters-col-0 gutters-col-v-lg-0 gutters-col-v-md-0 gutters-col-v-0\">\n                    <!---->\n                    <div class=\"h-column h-column-container d-flex h-col-lg-auto h-col-md-auto h-col-auto style-1153-outer style-local-3243-c26-outer\">\n                      <div data-colibri-id=\"3243-c26\" class=\"d-flex h-flex-basis h-column__inner h-px-lg-0 h-px-md-0 h-px-0 v-inner-lg-0 v-inner-md-0 v-inner-0 style-1153 style-local-3243-c26 position-relative\">\n                        <!---->\n                        <!---->\n                        <div class=\"w-100 h-y-container h-column__content h-column__v-align flex-basis-auto align-self-lg-start align-self-md-start align-self-center\">\n                          <!---->\n                          <div data-colibri-id=\"3243-c27\" class=\"h-global-transition-all h-heading style-1154 style-local-3243-c27 position-relative h-element\">\n                            <!---->\n                            <div class=\"h-heading__outer style-1154 style-local-3243-c27\">\n                              <!---->\n                              <!---->\n                              <h4 class=\"\">hakk\u0131nda<\/h4>\n                            <\/div>\n                          <\/div>\n                        <\/div>\n                      <\/div>\n                    <\/div>\n                  <\/div>\n                <\/div>\n                <div data-colibri-id=\"3243-c30\" class=\"h-text h-text-component style-1157 style-local-3243-c30 position-relative h-element\">\n                  <!---->\n                  <!---->\n                  <div class=\"\">\n                    <p>Veteriner Hekim Murat Akba\u015f 1970 y\u0131l\u0131nda \u0130zmit\u2019 te do\u011fdu. \u0130lk, orta ve lise \u00f6\u011frenimini \u0130zmit\u2019te tamamlad\u0131. 1989 y\u0131l\u0131nda girdi\u011fi \u0130stanbul \u00dcniversitesi Veteriner Fak\u00fcltesinden 1994 y\u0131l\u0131nda mezun oldu. 1996 y\u0131l\u0131nda askerlik hizmeti sonras\u0131\n                      \u0130zmit Belediyesinde g\u00f6reve ba\u015flad\u0131. 2002 y\u0131l\u0131nda \u0130stanbul \u00dcniversitesi DO\u011eUM ve J\u0130NEKOLOJ\u0130 Ana Bilim Dal\u0131nda doktora e\u011fitimine ba\u015flad\u0131. Doktora tez dan\u0131\u015fman\u0131 Prof.Dr. \u0130smail KIR\u015eAN ile istenmeyen gebeliklerin sonland\u0131r\u0131lmas\u0131n\u0131 \u00e7al\u0131\u015ft\u0131.\n                      Doktora tezi \u00fclkemizde ilk, d\u00fcnyada belli parametreler a\u00e7\u0131s\u0131ndan ilk olarak \u201c K\u00f6peklerde Progesteron Resept\u00f6r Antagonistlerinden Biri Olan Aglepristone ile Orta D\u00f6nem \u0130stenmeyen Gebeliklerde Gebeli\u011fin Sonland\u0131r\u0131lmas\u0131 2005 y\u0131l\u0131nda\n                      tamamlad\u0131\u011f\u0131 doktora e\u011fitimi ile Veteriner Do\u011fum ve Jinekoloji Doktoru \u00fcnvan\u0131n\u0131 elde etti. 2005 y\u0131l\u0131nda Belediye Veteriner M\u00fcd\u00fcrl\u00fc\u011f\u00fc ve Belediye Enc\u00fcmen \u00dcyeli\u011fi g\u00f6revlerinden istifa ederek e\u015fi Dr.Ebru Akbas ile kurduklar\u0131 Hospetall\n                      Vetereriner Tan\u0131 ve Tedavi merkezinde Veteriner Jinekoloji uzman\u0131 olarak \u00e7al\u0131\u015fmaktad\u0131r. Evli ve iki \u00e7ocuk babas\u0131d\u0131r.<\/p>\n                  <\/div>\n                <\/div>\n              <\/div>\n            <\/div>\n          <\/div>\n        <\/div>\n      <\/div>\n    <\/div>\n  <\/div>\n<\/div>","protected":false},"excerpt":{"rendered":"<p>hakk\u0131nda Veteriner Hekim Ebru \u00d6zaytekin Akba\u015f 1976 y\u0131l\u0131nda Trabzon da do\u011fdu.Trabzon Anadolu lisesininden 1994 y\u0131l\u0131nda mezun oldu. 1999 y\u0131l\u0131nda University of Veterinerian Medicine V\u0130ENNA\u2019 da \u0130\u00e7 hastal\u0131klar\u0131 b\u00f6l\u00fcm\u00fcnde endoskopi, dermatoloji,enfeksiyon hastal\u0131klar\u0131, kedi \u00fcriner sistem hastal\u0131klar\u0131,Solunum sistemi hastal\u0131klar\u0131konusunda \u00e7al\u0131\u015ft\u0131. 2000 y\u0131l\u0131nda \u0130.\u00dc Veteriner Fak\u00fcltesinden derece ile mezun oldu 2000 y\u0131l\u0131nda Univerzav ljubljani Veterinarska Fakulteta\u2019\u2019da \u0130\u00e7 Hastal\u0131klar\u0131 [&hellip;]<\/p>\n","protected":false},"author":1,"featured_media":0,"parent":0,"menu_order":0,"comment_status":"closed","ping_status":"closed","template":"page-templates\/full-width-page.php","meta":[],"_links":{"self":[{"href":"https:\/\/hospetall.com\/index.php\/wp-json\/wp\/v2\/pages\/3243"}],"collection":[{"href":"https:\/\/hospetall.com\/index.php\/wp-json\/wp\/v2\/pages"}],"about":[{"href":"https:\/\/hospetall.com\/index.php\/wp-json\/wp\/v2\/types\/page"}],"author":[{"embeddable":true,"href":"https:\/\/hospetall.com\/index.php\/wp-json\/wp\/v2\/users\/1"}],"replies":[{"embeddable":true,"href":"https:\/\/hospetall.com\/index.php\/wp-json\/wp\/v2\/comments?post=3243"}],"version-history":[{"count":2,"href":"https:\/\/hospetall.com\/index.php\/wp-json\/wp\/v2\/pages\/3243\/revisions"}],"predecessor-version":[{"id":3321,"href":"https:\/\/hospetall.com\/index.php\/wp-json\/wp\/v2\/pages\/3243\/revisions\/3321"}],"wp:attachment":[{"href":"https:\/\/hospetall.com\/index.php\/wp-json\/wp\/v2\/media?parent=3243"}],"curies":[{"name":"wp","href":"https:\/\/api.w.org\/{rel}","templated":true}]}}