{"id":2662,"date":"2019-10-22T09:08:13","date_gmt":"2019-10-22T09:08:13","guid":{"rendered":"http:\/\/gabi.extendstudio.net\/dog-walker\/?page_id=78"},"modified":"2022-08-04T06:43:41","modified_gmt":"2022-08-04T06:43:41","slug":"iletisim","status":"publish","type":"page","link":"https:\/\/hospetall.com\/index.php\/iletisim\/","title":{"rendered":"\u0130leti\u015fim"},"content":{"rendered":"<div data-colibri-id=\"2662-c1\" class=\"style-446 style-local-2662-c1 position-relative\">\n  <!---->\n  <div data-colibri-component=\"section\" data-colibri-id=\"2662-c2\" id=\"maps\" class=\"h-section h-section-global-spacing d-flex align-items-lg-center align-items-md-center align-items-center style-447 style-local-2662-c2 position-relative\">\n    <!---->\n    <!---->\n    <div class=\"h-section-grid-container h-section-boxed-container\">\n      <!---->\n      <div data-colibri-id=\"2662-c3\" class=\"h-row-container gutters-row-lg-2 gutters-row-md-2 gutters-row-2 gutters-row-v-lg-2 gutters-row-v-md-2 gutters-row-v-2 style-448 style-local-2662-c3 position-relative\">\n        <!---->\n        <div class=\"h-row justify-content-lg-center justify-content-md-center justify-content-center align-items-lg-center align-items-md-center align-items-center gutters-col-lg-2 gutters-col-md-2 gutters-col-2 gutters-col-v-lg-2 gutters-col-v-md-2 gutters-col-v-2\">\n          <!---->\n          <div class=\"h-column h-column-container d-flex h-col-lg-auto h-col-md-auto h-col-auto align-self-lg-center align-self-md-center align-self-center style-449-outer style-local-2662-c4-outer\">\n            <div data-colibri-id=\"2662-c4\" class=\"d-flex h-flex-basis h-column__inner h-px-lg-2 h-px-md-2 h-px-2 v-inner-lg-2 v-inner-md-2 v-inner-2 style-449 style-local-2662-c4 position-relative\">\n              <!---->\n              <!---->\n              <div class=\"w-100 h-y-container h-column__content h-column__v-align flex-basis-100 align-self-lg-center align-self-md-center align-self-center\">\n                <!---->\n                <div data-colibri-id=\"2662-c5\" class=\"h-global-transition-all h-heading style-451 style-local-2662-c5 position-relative h-element\">\n                  <!---->\n                  <div class=\"h-heading__outer style-451 style-local-2662-c5\">\n                    <!---->\n                    <!---->\n                    <h3 class=\"\">\u015eubemiz<\/h3>\n                  <\/div>\n                <\/div>\n                <div data-colibri-id=\"2662-c6\" class=\"h-row-container gutters-row-lg-0 gutters-row-md-0 gutters-row-0 gutters-row-v-lg-0 gutters-row-v-md-0 gutters-row-v-0 style-452 style-local-2662-c6 position-relative\">\n                  <!---->\n                  <div class=\"h-row justify-content-lg-start justify-content-md-start justify-content-start align-items-lg-stretch align-items-md-stretch align-items-stretch gutters-col-lg-0 gutters-col-md-0 gutters-col-0 gutters-col-v-lg-0 gutters-col-v-md-0 gutters-col-v-0\">\n                    <!---->\n                    <div class=\"h-column h-column-container d-flex h-col-lg-auto h-col-md-auto h-col-auto style-469-outer style-local-2662-c7-outer\">\n                      <div data-colibri-id=\"2662-c7\" class=\"d-flex h-flex-basis h-column__inner h-px-lg-0 h-px-md-0 h-px-0 v-inner-lg-0 v-inner-md-0 v-inner-0 style-469 style-local-2662-c7 h-overflow-hidden position-relative\">\n                        <!---->\n                        <!---->\n                        <div class=\"w-100 h-y-container h-column__content h-column__v-align flex-basis-100 align-self-lg-start align-self-md-start align-self-start\">\n                          <!---->\n                          <div data-colibri-id=\"2662-c8\" class=\"style-913 style-local-2662-c8 position-relative h-element\">\n                            <!---->\n                            <div class=\"\">\n                              <iframe src=\"https:\/\/www.google.com\/maps\/embed?pb=!1m18!1m12!1m3!1d3010.8758630038446!2d29.034470915414087!3d41.006090179301054!2m3!1f0!2f0!3f0!3m2!1i1024!2i768!4f13.1!3m3!1m2!1s0x14cab80f87900001%3A0x56ad9c61162f9727!2sHospetall%20Veteriner!5e0!3m2!1str!2str!4v1642872666906!5m2!1str!2str\"\n                                width=\"600\" height=\"450\" style=\"border:0;\" allowfullscreen=\"\" loading=\"lazy\"><\/iframe>\n                            <\/div>\n                          <\/div>\n                        <\/div>\n                      <\/div>\n                    <\/div>\n                  <\/div>\n                <\/div>\n              <\/div>\n            <\/div>\n          <\/div>\n          <div class=\"h-column h-column-container d-flex h-col-lg-auto h-col-md-auto h-col-auto align-self-lg-center align-self-md-center align-self-center style-450-outer style-local-2662-c9-outer\">\n            <div data-colibri-id=\"2662-c9\" class=\"d-flex h-flex-basis h-column__inner h-px-lg-0 h-px-md-0 h-px-0 v-inner-lg-0 v-inner-md-0 v-inner-0 style-450 style-local-2662-c9 position-relative\">\n              <!---->\n              <!---->\n              <div class=\"w-100 h-y-container h-column__content h-column__v-align flex-basis-100 align-self-lg-center align-self-md-center align-self-center\">\n                <!---->\n                <div data-colibri-id=\"2662-c10\" class=\"h-row-container gutters-row-lg-0 gutters-row-md-0 gutters-row-0 gutters-row-v-lg-0 gutters-row-v-md-0 gutters-row-v-0 style-460 style-local-2662-c10 position-relative\">\n                  <!---->\n                  <div class=\"h-row justify-content-lg-center justify-content-md-center justify-content-center align-items-lg-stretch align-items-md-stretch align-items-stretch gutters-col-lg-0 gutters-col-md-0 gutters-col-0 gutters-col-v-lg-0 gutters-col-v-md-0 gutters-col-v-0\">\n                    <!---->\n                    <div class=\"h-column h-column-container d-flex h-col-lg-auto h-col-md-auto h-col-auto style-461-outer style-local-2662-c11-outer\">\n                      <div data-colibri-id=\"2662-c11\" class=\"d-flex h-flex-basis h-column__inner h-ui-empty-state-container h-px-lg-2 h-px-md-2 h-px-2 v-inner-lg-2 v-inner-md-2 v-inner-2 style-461 style-local-2662-c11 position-relative\">\n                        <!---->\n                        <!---->\n                        <div class=\"w-100 h-y-container h-column__content h-column__v-align flex-basis-100\">\n                          <!---->\n                        <\/div>\n                      <\/div>\n                    <\/div>\n                    <div class=\"h-column h-column-container d-flex h-col-lg-auto h-col-md-auto h-col-auto style-462-outer style-local-2662-c12-outer\">\n                      <div data-colibri-id=\"2662-c12\" class=\"d-flex h-flex-basis h-column__inner h-px-lg-2 h-px-md-2 h-px-2 v-inner-lg-2 v-inner-md-2 v-inner-2 style-462 style-local-2662-c12 position-relative\">\n                        <!---->\n                        <!---->\n                        <div class=\"w-100 h-y-container h-column__content h-column__v-align flex-basis-100 align-self-lg-start align-self-md-start align-self-start\">\n                          <!---->\n                          <div data-colibri-id=\"2662-c13\" class=\"h-row-container gutters-row-lg-0 gutters-row-md-0 gutters-row-0 gutters-row-v-lg-0 gutters-row-v-md-0 gutters-row-v-0 style-470 style-local-2662-c13 position-relative\">\n                            <!---->\n                            <div class=\"h-row justify-content-lg-center justify-content-md-center justify-content-center align-items-lg-stretch align-items-md-stretch align-items-stretch gutters-col-lg-0 gutters-col-md-0 gutters-col-0 gutters-col-v-lg-0 gutters-col-v-md-0 gutters-col-v-0\">\n                              <!---->\n                              <div class=\"h-column h-column-container d-flex h-col-lg-auto h-col-md-auto h-col-auto style-471-outer style-local-2662-c14-outer\">\n                                <div data-colibri-id=\"2662-c14\" class=\"d-flex h-flex-basis h-column__inner h-px-lg-2 h-px-md-2 h-px-2 v-inner-lg-2 v-inner-md-2 v-inner-2 style-471 style-local-2662-c14 position-relative\">\n                                  <!---->\n                                  <!---->\n                                  <div class=\"w-100 h-y-container h-column__content h-column__v-align flex-basis-100 align-self-lg-start align-self-md-start align-self-start\">\n                                    <!---->\n                                    <div data-colibri-id=\"2662-c15\" class=\"h-icon style-474 style-local-2662-c15 position-relative h-element\">\n                                      <!----><span class=\"h-svg-icon h-icon__icon style-474-icon style-local-2662-c15-icon\"><!--Icon by Icons8 Line Awesome (https:\/\/icons8.com\/line-awesome)--><svg version=\"1.1\" xmlns=\"http:\/\/www.w3.org\/2000\/svg\" xmlns:xlink=\"http:\/\/www.w3.org\/1999\/xlink\" id=\"phone\" viewBox=\"0 0 512 545.5\"><path d=\"M138.5 80c8.375 0 16.656 3.024 23.5 8.5l1 .5.5.5 64 66 1.5 1.5-.5.5c14.174 13.212 13.968 35.53.5 49l-32 32c4.92 11.277 18.33 40.02 44.5 65 26.358 25.16 53.932 39.467 65.5 45l31.5-31.5.5-.5c13.28-13.28 36.72-13.28 50 0l.5 1 65 65c13.28 13.28 13.28 36.22 0 49.5L405 481.5l-.5.5-.5.5c-15.01 12.867-36.04 17.486-55.5 11h-.5c-37.55-14.693-113.51-48.01-181.5-116C98.773 309.773 64.052 234.84 50.5 196c-.035-.1.034-.4 0-.5-6.703-18.434-1.915-39.738 13.5-54l-.5-.5 50-51.5.5-.5 1-.5c6.844-5.476 15.125-8.5 23.5-8.5zm0 32c-1.172 0-2.344.575-3.5 1.5L86.5 163l-.5.5-.5.5c-5.674 4.863-7.44 14.493-5 21 12.12 34.847 45.2 106.7 108.5 170 62.784 62.784 133.224 93.76 169.5 108 9.34 3.113 17.11 1.833 24.5-4.5l49-49c2.72-2.72 2.72-1.78 0-4.5l-65.5-65.5c-2.72-2.72-2.28-2.72-5 0l-40 40-7.5 7.5-10-4.5s-43.83-18.552-81-52.5l-3.5-3c-38.595-36.84-57-86-57-86l-3.5-10 7.5-7 40-40c1.966-1.966.874-3.6 1-3.5l-.5-.5-1-1-64-65.5c-1.156-.925-2.328-1.5-3.5-1.5z\"><\/path><\/svg><\/span><\/div>\n                                  <\/div>\n                                <\/div>\n                              <\/div>\n                              <div class=\"h-column h-column-container d-flex h-col-lg h-col-md h-col style-472-outer style-local-2662-c16-outer\">\n                                <div data-colibri-id=\"2662-c16\" class=\"d-flex h-flex-basis h-column__inner h-px-lg-2 h-px-md-2 h-px-2 v-inner-lg-2 v-inner-md-2 v-inner-2 style-472 style-local-2662-c16 position-relative\">\n                                  <!---->\n                                  <!---->\n                                  <div class=\"w-100 h-y-container h-column__content h-column__v-align flex-basis-100 align-self-lg-start align-self-md-start align-self-start\">\n                                    <!---->\n                                    <div data-colibri-id=\"2662-c17\" class=\"h-global-transition-all h-heading style-475 style-local-2662-c17 position-relative h-element\">\n                                      <!---->\n                                      <div class=\"h-heading__outer style-475 style-local-2662-c17\">\n                                        <!---->\n                                        <!---->\n                                        <h5 class=\"\">Telefon<\/h5>\n                                      <\/div>\n                                    <\/div>\n                                    <div data-colibri-id=\"2662-c18\" class=\"h-text h-text-component style-476 style-local-2662-c18 position-relative h-element\">\n                                      <!---->\n                                      <!---->\n                                      <div class=\"\">\n                                        <p>+ 90 (554) 387 70 40<\/p>\n                                      <\/div>\n                                    <\/div>\n                                  <\/div>\n                                <\/div>\n                              <\/div>\n                            <\/div>\n                          <\/div>\n                          <div data-colibri-id=\"2662-c21\" class=\"h-row-container gutters-row-lg-0 gutters-row-md-0 gutters-row-0 gutters-row-v-lg-0 gutters-row-v-md-0 gutters-row-v-0 style-470 style-local-2662-c21 position-relative\">\n                            <!---->\n                            <div class=\"h-row justify-content-lg-center justify-content-md-center justify-content-center align-items-lg-stretch align-items-md-stretch align-items-stretch gutters-col-lg-0 gutters-col-md-0 gutters-col-0 gutters-col-v-lg-0 gutters-col-v-md-0 gutters-col-v-0\">\n                              <!---->\n                              <div class=\"h-column h-column-container d-flex h-col-lg-auto h-col-md-auto h-col-auto style-471-outer style-local-2662-c22-outer\">\n                                <div data-colibri-id=\"2662-c22\" class=\"d-flex h-flex-basis h-column__inner h-px-lg-2 h-px-md-2 h-px-2 v-inner-lg-2 v-inner-md-2 v-inner-2 style-471 style-local-2662-c22 position-relative\">\n                                  <!---->\n                                  <!---->\n                                  <div class=\"w-100 h-y-container h-column__content h-column__v-align flex-basis-100 align-self-lg-start align-self-md-start align-self-start\">\n                                    <!---->\n                                    <div data-colibri-id=\"2662-c23\" class=\"h-icon style-474 style-local-2662-c23 position-relative h-element\">\n                                      <!----><span class=\"h-svg-icon h-icon__icon style-474-icon style-local-2662-c23-icon\"><!--Icon by Icons8 Line Awesome (https:\/\/icons8.com\/line-awesome)--><svg version=\"1.1\" xmlns=\"http:\/\/www.w3.org\/2000\/svg\" xmlns:xlink=\"http:\/\/www.w3.org\/1999\/xlink\" id=\"map\" viewBox=\"0 0 512 545.5\"><path d=\"M448 103.5v307l-9.5 4-112 48-6 2.5-6-2-122-46-106 45.5-22.5 10v-307l9.5-4 112-48 6-2.5 6 2 122 46 106-45.5zM208 151v238l96 36V187zm-32 1l-80 34.5V424l80-34.5V152zm240 0l-80 34.5V424l80-34.5V152z\"><\/path><\/svg><\/span><\/div>\n                                  <\/div>\n                                <\/div>\n                              <\/div>\n                              <div class=\"h-column h-column-container d-flex h-col-lg h-col-md h-col style-472-outer style-local-2662-c24-outer\">\n                                <div data-colibri-id=\"2662-c24\" class=\"d-flex h-flex-basis h-column__inner h-px-lg-2 h-px-md-2 h-px-2 v-inner-lg-2 v-inner-md-2 v-inner-2 style-472 style-local-2662-c24 position-relative\">\n                                  <!---->\n                                  <!---->\n                                  <div class=\"w-100 h-y-container h-column__content h-column__v-align flex-basis-100 align-self-lg-start align-self-md-start align-self-start\">\n                                    <!---->\n                                    <div data-colibri-id=\"2662-c25\" class=\"h-global-transition-all h-heading style-475 style-local-2662-c25 position-relative h-element\">\n                                      <!---->\n                                      <div class=\"h-heading__outer style-475 style-local-2662-c25\">\n                                        <!---->\n                                        <!---->\n                                        <h5 class=\"\">Adres<\/h5>\n                                      <\/div>\n                                    <\/div>\n                                    <div data-colibri-id=\"2662-c26\" class=\"h-text h-text-component style-476 style-local-2662-c26 position-relative h-element\">\n                                      <!---->\n                                      <!---->\n                                      <div class=\"\">\n                                        <p>Ko\u015fuyolu, Muhittin \u00dcst\u00fcnda\u011f Cd. D:No: 7, 34718 <\/p>\n                                      <\/div>\n                                    <\/div>\n                                    <div data-colibri-id=\"2662-c27\" class=\"h-text h-text-component style-476 style-local-2662-c27 position-relative h-element\">\n                                      <!---->\n                                      <!---->\n                                      <div class=\"\">\n                                        <p><span style=\"font-weight: 400; font-size: 16px; font-family: Rubik; color: rgb(125, 100, 91);\">Kad\u0131k\u00f6y\/\u0130stanbul<\/span><\/p>\n                                      <\/div>\n                                    <\/div>\n                                  <\/div>\n                                <\/div>\n                              <\/div>\n                            <\/div>\n                          <\/div>\n                          <div data-colibri-id=\"2662-c28\" class=\"h-row-container gutters-row-lg-0 gutters-row-md-0 gutters-row-0 gutters-row-v-lg-0 gutters-row-v-md-0 gutters-row-v-0 style-470 style-local-2662-c28 position-relative\">\n                            <!---->\n                            <div class=\"h-row justify-content-lg-center justify-content-md-center justify-content-center align-items-lg-stretch align-items-md-stretch align-items-stretch gutters-col-lg-0 gutters-col-md-0 gutters-col-0 gutters-col-v-lg-0 gutters-col-v-md-0 gutters-col-v-0\">\n                              <!---->\n                              <div class=\"h-column h-column-container d-flex h-col-lg-auto h-col-md-auto h-col-auto style-471-outer style-local-2662-c29-outer\">\n                                <div data-colibri-id=\"2662-c29\" class=\"d-flex h-flex-basis h-column__inner h-px-lg-2 h-px-md-2 h-px-2 v-inner-lg-2 v-inner-md-2 v-inner-2 style-471 style-local-2662-c29 position-relative\">\n                                  <!---->\n                                  <!---->\n                                  <div class=\"w-100 h-y-container h-column__content h-column__v-align flex-basis-100 align-self-lg-start align-self-md-start align-self-start\">\n                                    <!---->\n                                    <div data-colibri-id=\"2662-c30\" class=\"h-icon style-474 style-local-2662-c30 position-relative h-element\">\n                                      <!----><span class=\"h-svg-icon h-icon__icon style-474-icon style-local-2662-c30-icon\"><!--Icon by Font Awesome (https:\/\/fontawesome.com)--><svg version=\"1.1\" xmlns=\"http:\/\/www.w3.org\/2000\/svg\" xmlns:xlink=\"http:\/\/www.w3.org\/1999\/xlink\" id=\"clock-o\" viewBox=\"0 0 1536 1896.0833\"><path d=\"M896 544v448q0 14-9 23t-23 9H544q-14 0-23-9t-9-23v-64q0-14 9-23t23-9h224V544q0-14 9-23t23-9h64q14 0 23 9t9 23zm416 352q0-148-73-273t-198-198-273-73-273 73-198 198-73 273 73 273 198 198 273 73 273-73 198-198 73-273zm224 0q0 209-103 385.5T1153.5 1561 768 1664t-385.5-103T103 1281.5 0 896t103-385.5T382.5 231 768 128t385.5 103T1433 510.5 1536 896z\"><\/path><\/svg><\/span><\/div>\n                                  <\/div>\n                                <\/div>\n                              <\/div>\n                              <div class=\"h-column h-column-container d-flex h-col-lg-auto h-col-md-auto h-col style-472-outer style-local-2662-c31-outer\">\n                                <div data-colibri-id=\"2662-c31\" class=\"d-flex h-flex-basis h-column__inner h-px-lg-2 h-px-md-2 h-px-2 v-inner-lg-2 v-inner-md-2 v-inner-2 style-472 style-local-2662-c31 position-relative\">\n                                  <!---->\n                                  <!---->\n                                  <div class=\"w-100 h-y-container h-column__content h-column__v-align flex-basis-100 align-self-lg-start align-self-md-start align-self-start\">\n                                    <!---->\n                                    <div data-colibri-id=\"2662-c32\" class=\"h-global-transition-all h-heading style-475 style-local-2662-c32 position-relative h-element\">\n                                      <!---->\n                                      <div class=\"h-heading__outer style-475 style-local-2662-c32\">\n                                        <!---->\n                                        <!---->\n                                        <h5 class=\"\">\u00c7al\u0131\u015fma Saatleri<\/h5>\n                                      <\/div>\n                                    <\/div>\n                                    <div data-colibri-id=\"2662-c33\" class=\"h-text h-text-component style-476 style-local-2662-c33 position-relative h-element\">\n                                      <!---->\n                                      <!---->\n                                      <div class=\"\">\n                                        <p>Pzt. &#8211; Cts. : 09:00 &#8211; 20:00<\/p>\n                                      <\/div>\n                                    <\/div>\n                                    <div data-colibri-id=\"2662-c34\" class=\"h-text h-text-component style-476 style-local-2662-c34 position-relative h-element\">\n                                      <!---->\n                                      <!---->\n                                      <div class=\"\">\n                                        <p>Pazar : 10:00 &#8211; 17:00<\/p>\n                                      <\/div>\n                                    <\/div>\n                                  <\/div>\n                                <\/div>\n                              <\/div>\n                              <div class=\"h-column h-column-container d-flex h-col-lg-auto h-col-md-auto h-col-auto style-471-outer style-local-2662-c35-outer\">\n                                <div data-colibri-id=\"2662-c35\" class=\"d-flex h-flex-basis h-column__inner h-px-lg-2 h-px-md-2 h-px-2 v-inner-lg-2 v-inner-md-2 v-inner-2 style-471 style-local-2662-c35 position-relative\">\n                                  <!---->\n                                  <!---->\n                                  <div class=\"w-100 h-y-container h-column__content h-column__v-align flex-basis-100 align-self-lg-start align-self-md-start align-self-start\">\n                                    <!---->\n                                    <div data-colibri-id=\"2662-c36\" class=\"h-icon style-474 style-local-2662-c36 position-relative h-element\">\n                                      <!----><span class=\"h-svg-icon h-icon__icon style-474-icon style-local-2662-c36-icon\"><!--Icon by Icons8 Line Awesome (https:\/\/icons8.com\/line-awesome)--><svg version=\"1.1\" xmlns=\"http:\/\/www.w3.org\/2000\/svg\" xmlns:xlink=\"http:\/\/www.w3.org\/1999\/xlink\" id=\"envelope\" viewBox=\"0 0 512 545.5\"><path d=\"M48 160h416v288H48V160zm69 32l139 92.5L395 192H117zm-37 14v210h352V206L265 317.5l-9 5.5-9-5.5z\"><\/path><\/svg><\/span><\/div>\n                                  <\/div>\n                                <\/div>\n                              <\/div>\n                              <div class=\"h-column h-column-container d-flex h-col-lg-auto h-col-md-auto h-col style-472-outer style-local-2662-c37-outer\">\n                                <div data-colibri-id=\"2662-c37\" class=\"d-flex h-flex-basis h-column__inner h-px-lg-2 h-px-md-2 h-px-2 v-inner-lg-2 v-inner-md-2 v-inner-2 style-472 style-local-2662-c37 position-relative\">\n                                  <!---->\n                                  <!---->\n                                  <div class=\"w-100 h-y-container h-column__content h-column__v-align flex-basis-100 align-self-lg-start align-self-md-start align-self-start\">\n                                    <!---->\n                                    <div data-colibri-id=\"2662-c38\" class=\"h-global-transition-all h-heading style-475 style-local-2662-c38 position-relative h-element\">\n                                      <!---->\n                                      <div class=\"h-heading__outer style-475 style-local-2662-c38\">\n                                        <!---->\n                                        <!---->\n                                        <h5 class=\"\">E-mail<\/h5>\n                                      <\/div>\n                                    <\/div>\n                                    <div data-colibri-id=\"2662-c39\" class=\"h-text h-text-component style-476 style-local-2662-c39 position-relative h-element\">\n                                      <!---->\n                                      <!---->\n                                      <div class=\"\">\n                                        <p>\n                                          <a href=\"mailto:info@hospetall.com\" target=\"_blank\" style=\"font-size: 0.9375rem; font-weight: 400; font-family: inherit; color: var(--blue-link);\" rel=\"noopener\">info@hospetall.com<\/a>\n                                        <\/p>\n                                      <\/div>\n                                    <\/div>\n                                    <div data-colibri-id=\"2662-c40\" class=\"h-text h-text-component style-476 style-local-2662-c40 position-relative h-element\">\n                                      <!---->\n                                      <!---->\n                                      <div class=\"\">\n                                        <p>murat@hospetall.com<\/p>\n                                      <\/div>\n                                    <\/div>\n                                  <\/div>\n                                <\/div>\n                              <\/div>\n                            <\/div>\n                          <\/div>\n                        <\/div>\n                      <\/div>\n                    <\/div>\n                  <\/div>\n                <\/div>\n              <\/div>\n            <\/div>\n          <\/div>\n        <\/div>\n      <\/div>\n    <\/div>\n  <\/div>\n<\/div>","protected":false},"excerpt":{"rendered":"<p>\u015eubemiz Telefon + 90 (554) 387 70 40 Adres Ko\u015fuyolu, Muhittin \u00dcst\u00fcnda\u011f Cd. D:No: 7, 34718 Kad\u0131k\u00f6y\/\u0130stanbul \u00c7al\u0131\u015fma Saatleri Pzt. &#8211; Cts. : 09:00 &#8211; 20:00 Pazar : 10:00 &#8211; 17:00 E-mail info@hospetall.com murat@hospetall.com<\/p>\n","protected":false},"author":1,"featured_media":0,"parent":0,"menu_order":0,"comment_status":"closed","ping_status":"closed","template":"page-templates\/full-width-page.php","meta":[],"_links":{"self":[{"href":"https:\/\/hospetall.com\/index.php\/wp-json\/wp\/v2\/pages\/2662"}],"collection":[{"href":"https:\/\/hospetall.com\/index.php\/wp-json\/wp\/v2\/pages"}],"about":[{"href":"https:\/\/hospetall.com\/index.php\/wp-json\/wp\/v2\/types\/page"}],"author":[{"embeddable":true,"href":"https:\/\/hospetall.com\/index.php\/wp-json\/wp\/v2\/users\/1"}],"replies":[{"embeddable":true,"href":"https:\/\/hospetall.com\/index.php\/wp-json\/wp\/v2\/comments?post=2662"}],"version-history":[{"count":14,"href":"https:\/\/hospetall.com\/index.php\/wp-json\/wp\/v2\/pages\/2662\/revisions"}],"predecessor-version":[{"id":3511,"href":"https:\/\/hospetall.com\/index.php\/wp-json\/wp\/v2\/pages\/2662\/revisions\/3511"}],"wp:attachment":[{"href":"https:\/\/hospetall.com\/index.php\/wp-json\/wp\/v2\/media?parent=2662"}],"curies":[{"name":"wp","href":"https:\/\/api.w.org\/{rel}","templated":true}]}}